{"id":541,"date":"2018-11-11T14:36:42","date_gmt":"2018-11-11T12:36:42","guid":{"rendered":"http:\/\/www.opalart.pl\/mesmerize\/"},"modified":"2024-08-22T10:52:23","modified_gmt":"2024-08-22T08:52:23","slug":"mesmerize","status":"publish","type":"page","link":"https:\/\/www.opalart.pl\/en\/","title":{"rendered":"Home"},"content":{"rendered":"<div  id=\"content-13\" style=\"background-color: #ffffff; background-image: none;\" data-label=\"Content\" data-id=\"content-2\" data-export-id=\"content-2\" data-category=\"content\" class=\"content-2 content-section content-section-spacing\">\n<div  class=\"gridContainer\">\n<div  class=\"row middle-xs\">\n<div  class=\"col-sm-5 bg-image shadow-large-black\" data-bg=\"image\" style=\"background-image: url(&quot;https:\/\/www.opalart.pl\/wp-content\/uploads\/2023\/12\/20231128_112901.jpg&quot;);\" https:=\"\" www.opalart.pl=\"\" wp-content=\"\" uploads=\"\" 2020=\"\" 06=\"\" opal-20200603_094542.jpg\")\"=\"\"><\/div>\n<div  class=\"col-sm-7 full-col-left-padding full-col-right-padding\">\n<div  class=\"row\">\n<div  data-type=\"column\" class=\"space-bottom-small content-title-col content-left-sm\">\n<h4  class=\"\" style=\"font-family: basic;\">\nMy world is a world of love for nature \u2013 full of colors, flowers and animals. Filled with art and expressed in my works. Stored deeply and joyfully discovered after years with the conviction that in life the most important thing is to find yourself and your own way.&nbsp;<span  style=\"font-size: 1.1rem; letter-spacing: 0.0625rem;\">&nbsp;&nbsp;<\/span>\n<span  style=\"font-size: 1.1rem; letter-spacing: 0.0625rem;\">Zapraszam do wsp\u00f3\u0142pracy.\n\nAleksandra Kurzy\u0144ska<\/span>\n\n\n\ntel.: +48 604 251 715\ne-mail: opalart@opalart.pl&nbsp;\n\n\n<a  href=\"https:\/\/www.touchofart.eu?utm_source=banners&amp;utm_medium=banners&amp;utm_campaign=banners\" class=\"\">\n\n<img  src=\"https:\/\/www.touchofart.eu\/images\/banners\/wsp\/wspolpracuje19.jpg\" decoding=\"async\" alt=\"Touch of Art\" border=\"0\" class=\"jetpack-lazy-image jetpack-lazy-image--handled\" data-lazy-loaded=\"1\"><\/a>\n<\/h4>&nbsp;\n\n<\/div>\n<\/div>\n<div  class=\"row spaced-cols\" data-type=\"row\">\n<div  class=\"col-xs-6 col-md-4\" data-type=\"column\"><\/div>\n<div  class=\"col-xs-6 col-md-4\" data-type=\"column\"><\/div>\n<div  class=\"col-xs-6 col-md-4\" data-type=\"column\"><\/div>\n<div  class=\"col-xs-6 col-md-4\" data-type=\"column\"><\/div>\n<\/div>\n<\/div>\n<\/div>\n<\/div>\n<\/div><div  data-label=\"Features\" data-id=\"features--1\" data-export-id=\"features-16\" data-category=\"features\" class=\"features-16 content-section content-section-spacing\" id=\"features-1\" style=\"background-color: #ffffff;\">\n<div  class=\"gridContainer\">\n<div  class=\"row text-center\">\n<div  class=\"section-title-col\" data-type=\"column\">\n<h2  class=\"\" style=\"font-family: basic;\">Latest<\/h2>\n<\/div>\n<\/div>\n<div  class=\"row spaced-cols\" data-type=\"row\">\n<div  class=\"col-xs-12 col-sm-6 space-bottom col-md-4\">\n<div  data-type=\"column\" class=\"col-padding-small col-padding-small-xs description-container\"><a data-cp-link=\"1\" href=\"https:\/\/www.opalart.pl\/en\/obrazy\/\" class=\"\" target=\"_self\" rel=\"noopener noreferrer\"><img  src=\"https:\/\/www.opalart.pl\/wp-content\/uploads\/2019\/05\/OPAL-20190501_125515.jpg\" decoding=\"async\" class=\"custom-image jetpack-lazy-image jetpack-lazy-image--handled\" alt=\"\" title=\"Portret - 65 lat temu, o\u0142\u00f3wek, 21x30\" data-lazy-loaded=\"1\"><\/a><img  src=\"https:\/\/www.opalart.pl\/wp-content\/uploads\/2020\/04\/OPAL-20200403_104219.jpg\" decoding=\"async\" class=\"custom-image jetpack-lazy-image jetpack-lazy-image--handled\" alt=\"\" title=\"\" scale=\"0\" data-lazy-loaded=\"1\"><a data-cp-link=\"1\" href=\"https:\/\/www.opalart.pl\/en\/obrazy\/\" class=\"\" target=\"_self\" rel=\"noopener noreferrer\"><img  src=\"https:\/\/www.opalart.pl\/wp-content\/uploads\/2022\/05\/OPAL-IMG-20220325-WA0005.jpg\" decoding=\"async\" class=\"custom-image jetpack-lazy-image jetpack-lazy-image--handled\" alt=\"Kingfisher, zimorodek\" title=\"OPAL 20200603_094542\" data-lazy-loaded=\"1\"><\/a><a class=\"read-more\" href=\"https:\/\/www.opalart.pl\/en\/obrazy\/\" target=\"_self\" data-cp-link=\"1\" style=\"position: relative; top: 0px; left: 0px;\" rel=\"noopener noreferrer\">Artworks<\/a><\/div>\n<\/div>\n<div  class=\"col-xs-12 col-sm-6 space-bottom col-md-4\">\n\n<a data-cp-link=\"1\" href=\"https:\/\/www.opalart.pl\/en\/bukiety-i-kompozycje-z-kwiatami\/\" target=\"_self\" rel=\"noopener noreferrer\"><img  src=\"https:\/\/www.opalart.pl\/wp-content\/uploads\/2022\/07\/OPAL-20220716_121634-scaled.jpg\" decoding=\"async\" class=\"face jetpack-lazy-image jetpack-lazy-image--handled\" scale=\"0\" data-lazy-loaded=\"1\"><\/a>\n<div  data-type=\"column\" class=\"col-padding-small col-padding-small-xs description-container\"><a class=\"read-more\" href=\"https:\/\/www.opalart.pl\/en\/bukiety-i-kompozycje-z-kwiatami\/\" target=\"_self\" data-cp-link=\"1\" rel=\"noopener noreferrer\">Bouquets and compositions<\/a><\/div>\n<\/div>\n<div  class=\"col-xs-12 col-sm-6 space-bottom col-md-4\">\n\n<a data-cp-link=\"1\" href=\"https:\/\/www.opalart.pl\/en\/aranzacje-stolow-na-rozne-okazje\/\" target=\"_self\" rel=\"noopener noreferrer\"><img  src=\"https:\/\/www.opalart.pl\/wp-content\/uploads\/2021\/02\/cropped-20210223_190048-scaled-1.jpg\" decoding=\"async\" class=\"face jetpack-lazy-image jetpack-lazy-image--handled\" alt=\"\" title=\"cropped-blox-20181013_125303.jpg\" scale=\"0\" data-lazy-loaded=\"1\"><\/a>\n<div  data-type=\"column\" class=\"col-padding-small col-padding-small-xs description-container\"><a class=\"link\" href=\"https:\/\/www.opalart.pl\/en\/aranzacje-stolow-na-rozne-okazje\/\" target=\"_self\" data-cp-link=\"1\" rel=\"noopener noreferrer\">Table decorations<\/a><\/div>\n<\/div>\n<div  class=\"col-xs-12 col-sm-6 space-bottom col-md-4\">\n\n<a data-cp-link=\"1\" href=\"https:\/\/www.opalart.pl\/en\/boze-narodzenie\/\" target=\"_self\" rel=\"noopener noreferrer\"><img  src=\"https:\/\/www.opalart.pl\/wp-content\/uploads\/2023\/05\/OPAL-20221222_100514-scaled.jpg\" decoding=\"async\" class=\"face jetpack-lazy-image jetpack-lazy-image--handled\" scale=\"0\" data-lazy-loaded=\"1\"><\/a>\n<div  data-type=\"column\" class=\"col-padding-small col-padding-small-xs description-container\"><a class=\"read-more\" href=\"https:\/\/www.opalart.pl\/en\/boze-narodzenie\/\" target=\"_self\" data-cp-link=\"1\" rel=\"noopener noreferrer\">Occasional decorations (Christmas, Easter) <\/a><\/div>\n<\/div>\n<\/div>\n<\/div>\n<\/div>","protected":false},"excerpt":{"rendered":"<p>M\u00f3j \u015bwiat to \u015bwiat mi\u0142o\u015bci do przyrody \u2013 pe\u0142en kolor\u00f3w, kwiat\u00f3w i zwierz\u0105t. Wype\u0142niony sztuk\u0105 i wyra\u017cony w moich pracach. Przechowywany g\u0142\u0119boko i z rado\u015bci\u0105 odkryty po latach z przekonaniem, \u017ce w \u017cyciu najwa\u017cniejsze jest to, aby odnale\u017a\u0107 siebie i swoj\u0105 drog\u0119.&nbsp;&nbsp;&nbsp; Zapraszam do wsp\u00f3\u0142pracy. Aleksandra Kurzy\u0144ska tel.: +48 604 251 715 e-mail: opalart@opalart.pl&nbsp; &nbsp;&hellip; <br \/> <a class=\"read-more\" href=\"https:\/\/www.opalart.pl\/en\/\">Read more<\/a><\/p>","protected":false},"author":1,"featured_media":0,"parent":0,"menu_order":0,"comment_status":"closed","ping_status":"closed","template":"page-templates\/homepage.php","meta":{"footnotes":""},"class_list":["post-541","page","type-page","status-publish","hentry"],"_links":{"self":[{"href":"https:\/\/www.opalart.pl\/en\/wp-json\/wp\/v2\/pages\/541","targetHints":{"allow":["GET"]}}],"collection":[{"href":"https:\/\/www.opalart.pl\/en\/wp-json\/wp\/v2\/pages"}],"about":[{"href":"https:\/\/www.opalart.pl\/en\/wp-json\/wp\/v2\/types\/page"}],"author":[{"embeddable":true,"href":"https:\/\/www.opalart.pl\/en\/wp-json\/wp\/v2\/users\/1"}],"replies":[{"embeddable":true,"href":"https:\/\/www.opalart.pl\/en\/wp-json\/wp\/v2\/comments?post=541"}],"version-history":[{"count":159,"href":"https:\/\/www.opalart.pl\/en\/wp-json\/wp\/v2\/pages\/541\/revisions"}],"predecessor-version":[{"id":24938,"href":"https:\/\/www.opalart.pl\/en\/wp-json\/wp\/v2\/pages\/541\/revisions\/24938"}],"wp:attachment":[{"href":"https:\/\/www.opalart.pl\/en\/wp-json\/wp\/v2\/media?parent=541"}],"curies":[{"name":"wp","href":"https:\/\/api.w.org\/{rel}","templated":true}]}}